{"id":48,"date":"2026-03-03T12:15:06","date_gmt":"2026-03-03T12:15:06","guid":{"rendered":"https:\/\/lucky-crush.com\/?page_id=48"},"modified":"2026-03-04T10:23:36","modified_gmt":"2026-03-04T08:23:36","slug":"terms","status":"publish","type":"page","link":"https:\/\/lucky-crush.com\/pl\/terms\/","title":{"rendered":"Warunki"},"content":{"rendered":"<div data-elementor-type=\"wp-page\" data-elementor-id=\"48\" class=\"elementor elementor-48\" data-elementor-post-type=\"page\">\n\t\t\t\t\t\t<section class=\"elementor-section elementor-top-section elementor-element elementor-element-aa602b1 elementor-section-boxed elementor-section-height-default elementor-section-height-default\" data-id=\"aa602b1\" data-element_type=\"section\" data-e-type=\"section\">\n\t\t\t\t\t\t<div class=\"elementor-container elementor-column-gap-default\">\n\t\t\t\t\t<div class=\"elementor-column elementor-col-100 elementor-top-column elementor-element elementor-element-deb4e48\" data-id=\"deb4e48\" data-element_type=\"column\" data-e-type=\"column\">\n\t\t\t<div class=\"elementor-widget-wrap elementor-element-populated\">\n\t\t\t\t\t\t<div class=\"elementor-element elementor-element-88330ff elementor-widget elementor-widget-heading\" data-id=\"88330ff\" data-element_type=\"widget\" data-e-type=\"widget\" data-widget_type=\"heading.default\">\n\t\t\t\t<div class=\"elementor-widget-container\">\n\t\t\t\t\t<h1 class=\"elementor-heading-title elementor-size-default\">Warunki<\/h1>\t\t\t\t<\/div>\n\t\t\t\t<\/div>\n\t\t\t\t\t<\/div>\n\t\t<\/div>\n\t\t\t\t\t<\/div>\n\t\t<\/section>\n\t\t\t\t<section class=\"elementor-section elementor-top-section elementor-element elementor-element-e61e2e0 elementor-section-boxed elementor-section-height-default elementor-section-height-default\" data-id=\"e61e2e0\" data-element_type=\"section\" data-e-type=\"section\">\n\t\t\t\t\t\t<div class=\"elementor-container elementor-column-gap-default\">\n\t\t\t\t\t<div class=\"elementor-column elementor-col-100 elementor-top-column elementor-element elementor-element-edbd578\" data-id=\"edbd578\" data-element_type=\"column\" data-e-type=\"column\">\n\t\t\t<div class=\"elementor-widget-wrap elementor-element-populated\">\n\t\t\t\t\t\t<div class=\"elementor-element elementor-element-59fb3ca elementor-widget elementor-widget-text-editor\" data-id=\"59fb3ca\" data-element_type=\"widget\" data-e-type=\"widget\" data-widget_type=\"text-editor.default\">\n\t\t\t\t<div class=\"elementor-widget-container\">\n\t\t\t\t\t\t\t\t\t<p>Witamy na stronie Lucky Crush.net! Niniejsze Warunki \u015bwiadczenia us\u0142ug (\"Warunki\") reguluj\u0105 dost\u0119p i korzystanie z naszej witryny internetowej, us\u0142ug i aplikacji (zwanych \u0142\u0105cznie \"Us\u0142ugami\"). Prosimy o uwa\u017cne przeczytanie niniejszych Warunk\u00f3w. Uzyskuj\u0105c dost\u0119p do naszych Us\u0142ug lub korzystaj\u0105c z nich, u\u017cytkownik wyra\u017ca zgod\u0119 na przestrzeganie niniejszych Warunk\u00f3w i naszej Polityki prywatno\u015bci.<\/p><h3>Kwalifikowalno\u015b\u0107<\/h3><p>Aby uzyska\u0107 dost\u0119p do naszych Us\u0142ug i korzysta\u0107 z nich, u\u017cytkownik musi mie\u0107 uko\u0144czone 13 lat. Korzystaj\u0105c z Lucky Crush.net, u\u017cytkownik o\u015bwiadcza i gwarantuje, \u017ce spe\u0142nia wym\u00f3g wieku i posiada zdolno\u015b\u0107 prawn\u0105 do zawarcia niniejszych Warunk\u00f3w. Je\u015bli u\u017cytkownik nie uko\u0144czy\u0142 13 lat, nie mo\u017ce korzysta\u0107 z naszych Us\u0142ug.<\/p><h3>Post\u0119powanie u\u017cytkownika<\/h3><p>U\u017cytkownik ponosi wy\u0142\u0105czn\u0105 odpowiedzialno\u015b\u0107 za swoje zachowanie podczas korzystania z naszych Us\u0142ug. U\u017cytkownik zgadza si\u0119 przestrzega\u0107 naszych Zasad post\u0119powania, a tak\u017ce wszelkich obowi\u0105zuj\u0105cych lokalnych, stanowych, krajowych i mi\u0119dzynarodowych przepis\u00f3w i regulacji. Wszelkie naruszenia niniejszych Warunk\u00f3w lub naszych Zasad post\u0119powania mog\u0105 skutkowa\u0107 zawieszeniem lub zako\u0144czeniem dost\u0119pu u\u017cytkownika do naszych Us\u0142ug.<\/p><h3>Zawarto\u015b\u0107 u\u017cytkownika<\/h3><p>Lucky Crush.net mo\u017ce umo\u017cliwia\u0107 u\u017cytkownikom przesy\u0142anie, publikowanie lub udost\u0119pnianie tre\u015bci, takich jak tekst, obrazy lub wideo (\"Tre\u015bci u\u017cytkownika\"). U\u017cytkownik zachowuje prawo w\u0142asno\u015bci do Tre\u015bci u\u017cytkownika, ale udziela nam og\u00f3lno\u015bwiatowej, niewy\u0142\u0105cznej, wolnej od tantiem, podlegaj\u0105cej sublicencjonowaniu i zbywalnej licencji na u\u017cywanie, powielanie, rozpowszechnianie, tworzenie dzie\u0142 pochodnych, wy\u015bwietlanie i wykonywanie Tre\u015bci u\u017cytkownika w zwi\u0105zku z naszymi Us\u0142ugami.<\/p><p>U\u017cytkownik o\u015bwiadcza i gwarantuje, \u017ce posiada niezb\u0119dne prawa, licencje i uprawnienia do udzielenia niniejszej licencji oraz \u017ce Tre\u015bci U\u017cytkownika nie naruszaj\u0105 \u017cadnych praw os\u00f3b trzecich, w tym praw w\u0142asno\u015bci intelektualnej, praw do prywatno\u015bci ani praw do wizerunku.<\/p><h3>W\u0142asno\u015b\u0107 intelektualna<\/h3><p>Wszystkie tre\u015bci i materia\u0142y w naszych Us\u0142ugach, w tym tekst, grafika, logo, ikony, obrazy i oprogramowanie, s\u0105 w\u0142asno\u015bci\u0105 Lucky Crush.net lub jej licencjodawc\u00f3w i s\u0105 chronione prawami autorskimi, znakami towarowymi i innymi prawami w\u0142asno\u015bci intelektualnej. U\u017cytkownik nie mo\u017ce powiela\u0107, rozpowszechnia\u0107, modyfikowa\u0107, tworzy\u0107 dzie\u0142 pochodnych, publicznie wy\u015bwietla\u0107 ani komercyjnie wykorzystywa\u0107 \u017cadnych tre\u015bci lub materia\u0142\u00f3w w naszych Us\u0142ugach bez naszej uprzedniej pisemnej zgody.<\/p><h3>Wy\u0142\u0105czenie odpowiedzialno\u015bci z tytu\u0142u gwarancji<\/h3><p>Nasze Us\u0142ugi s\u0105 \u015bwiadczone \"w stanie, w jakim s\u0105\" i \"w miar\u0119 dost\u0119pno\u015bci\", bez jakichkolwiek gwarancji, wyra\u017anych lub dorozumianych, w tym mi\u0119dzy innymi dorozumianych gwarancji przydatno\u015bci handlowej, przydatno\u015bci do okre\u015blonego celu i nienaruszania praw. Lucky Crush.net nie gwarantuje, \u017ce Us\u0142ugi b\u0119d\u0105 wolne od b\u0142\u0119d\u00f3w, nieprzerwane, bezpieczne lub wolne od wirus\u00f3w lub innych szkodliwych element\u00f3w.<\/p><h3>Ograniczenie odpowiedzialno\u015bci<\/h3><p>W \u017cadnym wypadku Lucky Crush.net lub jego podmioty stowarzyszone, dyrektorzy, cz\u0142onkowie zarz\u0105du, pracownicy lub agenci nie ponosz\u0105 odpowiedzialno\u015bci za jakiekolwiek bezpo\u015brednie, po\u015brednie, przypadkowe, specjalne, wynikowe lub karne szkody, w tym mi\u0119dzy innymi utrat\u0119 zysk\u00f3w, danych lub warto\u015bci firmy, wynikaj\u0105ce z lub w zwi\u0105zku z dost\u0119pem lub korzystaniem z naszych Us\u0142ug, nawet je\u015bli zostali poinformowani o mo\u017cliwo\u015bci wyst\u0105pienia takich szk\u00f3d.<\/p><h3>Odszkodowanie<\/h3><p>U\u017cytkownik zgadza si\u0119 zabezpieczy\u0107, broni\u0107 i chroni\u0107 Lucky Crush.net i jego podmioty stowarzyszone, dyrektor\u00f3w, cz\u0142onk\u00f3w zarz\u0105du, pracownik\u00f3w i agent\u00f3w przed wszelkimi roszczeniami, zobowi\u0105zaniami, szkodami, stratami lub wydatkami, w tym uzasadnionymi honorariami prawnik\u00f3w, wynikaj\u0105cymi z lub w zwi\u0105zku z dost\u0119pem lub korzystaniem z naszych Us\u0142ug lub naruszeniem niniejszych Warunk\u00f3w.<\/p><h3>Zako\u0144czenie<\/h3><p>Zastrzegamy sobie prawo, wed\u0142ug w\u0142asnego uznania, do zawieszenia lub zako\u0144czenia dost\u0119pu u\u017cytkownika do naszych Us\u0142ug w dowolnym momencie, z powiadomieniem lub bez, z dowolnego powodu, w tym mi\u0119dzy innymi z powodu naruszenia przez u\u017cytkownika niniejszego Regulaminu lub naszych Zasad post\u0119powania.<\/p><h3>Zmiany niniejszych Warunk\u00f3w<\/h3><p>Mo\u017cemy aktualizowa\u0107 lub modyfikowa\u0107 niniejsze Warunki w dowolnym momencie, wed\u0142ug w\u0142asnego uznania. Powiadomimy u\u017cytkownika o wszelkich zmianach, publikuj\u0105c<\/p><p>zaktualizowany Regulamin na naszej platformie, wraz z dat\u0105 ostatniej aktualizacji. Dalsze korzystanie z naszych Us\u0142ug po wprowadzeniu jakichkolwiek zmian w niniejszych Warunkach stanowi akceptacj\u0119 zaktualizowanych Warunk\u00f3w.<\/p><h3>Prawo w\u0142a\u015bciwe i jurysdykcja<\/h3><p>Niniejsze Warunki i wszelkie spory wynikaj\u0105ce z niniejszych Warunk\u00f3w lub w zwi\u0105zku z nimi lub z korzystaniem z naszych Us\u0142ug b\u0119d\u0105 regulowane i interpretowane zgodnie z prawem Republiki Po\u0142udniowej Afryki. U\u017cytkownik wyra\u017ca zgod\u0119 na poddanie si\u0119 wy\u0142\u0105cznej jurysdykcji s\u0105d\u00f3w Republiki Po\u0142udniowej Afryki w celu rozstrzygania wszelkich spor\u00f3w wynikaj\u0105cych z niniejszych Warunk\u00f3w lub w zwi\u0105zku z nimi lub z korzystaniem przez u\u017cytkownika z naszych Us\u0142ug.<\/p><h3>Rozdzielno\u015b\u0107<\/h3><p>Je\u015bli kt\u00f3rekolwiek z postanowie\u0144 niniejszych Warunk\u00f3w zostanie uznane za niewa\u017cne lub niewykonalne przez s\u0105d w\u0142a\u015bciwej jurysdykcji, pozosta\u0142e postanowienia niniejszych Warunk\u00f3w pozostan\u0105 w pe\u0142nej mocy.<\/p><h3>Zrzeczenie si\u0119<\/h3><p>\u017badne zrzeczenie si\u0119 kt\u00f3regokolwiek z postanowie\u0144 niniejszych Warunk\u00f3w nie b\u0119dzie uwa\u017cane za dalsze lub ci\u0105g\u0142e zrzeczenie si\u0119 takiego postanowienia lub jakiegokolwiek innego postanowienia, a nasze zaniechanie dochodzenia jakiegokolwiek prawa lub postanowienia na mocy niniejszych Warunk\u00f3w nie b\u0119dzie stanowi\u0107 zrzeczenia si\u0119 takiego prawa lub postanowienia.<\/p><h3>Kontakt<\/h3><p>W przypadku jakichkolwiek pyta\u0144 lub w\u0105tpliwo\u015bci dotycz\u0105cych niniejszych Warunk\u00f3w, prosimy o kontakt za po\u015brednictwem naszej strony kontaktowej.<\/p>\t\t\t\t\t\t\t\t<\/div>\n\t\t\t\t<\/div>\n\t\t\t\t\t<\/div>\n\t\t<\/div>\n\t\t\t\t\t<\/div>\n\t\t<\/section>\n\t\t\t\t<\/div>","protected":false},"excerpt":{"rendered":"<p>Warunki Witamy na stronie Lucky Crush.net! Niniejszy Regulamin (\"Regulamin\") reguluje dost\u0119p i korzystanie z naszej strony internetowej, us\u0142ug i aplikacji (zwanych \u0142\u0105cznie \"Us\u0142ugami\"). Prosimy o uwa\u017cne przeczytanie niniejszych Warunk\u00f3w. Uzyskuj\u0105c dost\u0119p do naszych Us\u0142ug lub korzystaj\u0105c z nich, u\u017cytkownik wyra\u017ca zgod\u0119 na przestrzeganie niniejszych Warunk\u00f3w i naszej Polityki prywatno\u015bci. Kwalifikowalno\u015b\u0107 Aby uzyska\u0107 dost\u0119p do naszych Us\u0142ug i korzysta\u0107 z nich, [...]<\/p>","protected":false},"author":1,"featured_media":0,"parent":0,"menu_order":0,"comment_status":"closed","ping_status":"closed","template":"elementor_header_footer","meta":{"footnotes":""},"class_list":["post-48","page","type-page","status-publish","hentry"],"yoast_head":"<!-- This site is optimized with the Yoast SEO plugin v27.5 - https:\/\/yoast.com\/product\/yoast-seo-wordpress\/ -->\n<title>Terms - Lucky Crush<\/title>\n<meta name=\"robots\" content=\"index, follow, max-snippet:-1, max-image-preview:large, max-video-preview:-1\" \/>\n<link rel=\"canonical\" href=\"https:\/\/lucky-crush.com\/pl\/terms\/\" \/>\n<meta property=\"og:locale\" content=\"pl_PL\" \/>\n<meta property=\"og:type\" content=\"article\" \/>\n<meta property=\"og:title\" content=\"Terms - Lucky Crush\" \/>\n<meta property=\"og:description\" content=\"Terms Welcome to Lucky Crush.net! These Terms of Service (&#8220;Terms&#8221;) govern your access to and use of our website, services, and applications (collectively, the &#8220;Services&#8221;). Please read these Terms carefully. By accessing or using our Services, you agree to be bound by these Terms and our Privacy Policy. Eligibility To access and use our Services, [&hellip;]\" \/>\n<meta property=\"og:url\" content=\"https:\/\/lucky-crush.com\/pl\/terms\/\" \/>\n<meta property=\"og:site_name\" content=\"Lucky Crush\" \/>\n<meta property=\"article:modified_time\" content=\"2026-03-04T08:23:36+00:00\" \/>\n<meta property=\"og:image\" content=\"https:\/\/lucky-crush.com\/wp-content\/uploads\/2023\/05\/64731f1e55365.jpg\" \/>\n\t<meta property=\"og:image:width\" content=\"1024\" \/>\n\t<meta property=\"og:image:height\" content=\"683\" \/>\n\t<meta property=\"og:image:type\" content=\"image\/jpeg\" \/>\n<meta name=\"twitter:card\" content=\"summary_large_image\" \/>\n<meta name=\"twitter:label1\" content=\"Szacowany czas czytania\" \/>\n\t<meta name=\"twitter:data1\" content=\"4 minuty\" \/>\n<script type=\"application\/ld+json\" class=\"yoast-schema-graph\">{\"@context\":\"https:\\\/\\\/schema.org\",\"@graph\":[{\"@type\":\"WebPage\",\"@id\":\"https:\\\/\\\/lucky-crush.com\\\/pt\\\/terms\\\/\",\"url\":\"https:\\\/\\\/lucky-crush.com\\\/pt\\\/terms\\\/\",\"name\":\"Terms - Lucky Crush\",\"isPartOf\":{\"@id\":\"https:\\\/\\\/lucky-crush.com\\\/#website\"},\"datePublished\":\"2026-03-03T12:15:06+00:00\",\"dateModified\":\"2026-03-04T08:23:36+00:00\",\"breadcrumb\":{\"@id\":\"https:\\\/\\\/lucky-crush.com\\\/pt\\\/terms\\\/#breadcrumb\"},\"inLanguage\":\"pl-PL\",\"potentialAction\":[{\"@type\":\"ReadAction\",\"target\":[\"https:\\\/\\\/lucky-crush.com\\\/pt\\\/terms\\\/\"]}]},{\"@type\":\"BreadcrumbList\",\"@id\":\"https:\\\/\\\/lucky-crush.com\\\/pt\\\/terms\\\/#breadcrumb\",\"itemListElement\":[{\"@type\":\"ListItem\",\"position\":1,\"name\":\"Home\",\"item\":\"https:\\\/\\\/lucky-crush.com\\\/\"},{\"@type\":\"ListItem\",\"position\":2,\"name\":\"Terms\"}]},{\"@type\":\"WebSite\",\"@id\":\"https:\\\/\\\/lucky-crush.com\\\/#website\",\"url\":\"https:\\\/\\\/lucky-crush.com\\\/\",\"name\":\"Lucky Crush\",\"description\":\"\",\"publisher\":{\"@id\":\"https:\\\/\\\/lucky-crush.com\\\/#organization\"},\"potentialAction\":[{\"@type\":\"SearchAction\",\"target\":{\"@type\":\"EntryPoint\",\"urlTemplate\":\"https:\\\/\\\/lucky-crush.com\\\/?s={search_term_string}\"},\"query-input\":{\"@type\":\"PropertyValueSpecification\",\"valueRequired\":true,\"valueName\":\"search_term_string\"}}],\"inLanguage\":\"pl-PL\"},{\"@type\":\"Organization\",\"@id\":\"https:\\\/\\\/lucky-crush.com\\\/#organization\",\"name\":\"Lucky Crush\",\"url\":\"https:\\\/\\\/lucky-crush.com\\\/\",\"logo\":{\"@type\":\"ImageObject\",\"inLanguage\":\"pl-PL\",\"@id\":\"https:\\\/\\\/lucky-crush.com\\\/#\\\/schema\\\/logo\\\/image\\\/\",\"url\":\"https:\\\/\\\/lucky-crush.com\\\/wp-content\\\/uploads\\\/2020\\\/04\\\/chats-favicon.jpg\",\"contentUrl\":\"https:\\\/\\\/lucky-crush.com\\\/wp-content\\\/uploads\\\/2020\\\/04\\\/chats-favicon.jpg\",\"width\":420,\"height\":420,\"caption\":\"Lucky Crush\"},\"image\":{\"@id\":\"https:\\\/\\\/lucky-crush.com\\\/#\\\/schema\\\/logo\\\/image\\\/\"}}]}<\/script>\n<!-- \/ Yoast SEO plugin. -->","yoast_head_json":{"title":"Terms - Lucky Crush","robots":{"index":"index","follow":"follow","max-snippet":"max-snippet:-1","max-image-preview":"max-image-preview:large","max-video-preview":"max-video-preview:-1"},"canonical":"https:\/\/lucky-crush.com\/pl\/terms\/","og_locale":"pl_PL","og_type":"article","og_title":"Terms - Lucky Crush","og_description":"Terms Welcome to Lucky Crush.net! These Terms of Service (&#8220;Terms&#8221;) govern your access to and use of our website, services, and applications (collectively, the &#8220;Services&#8221;). Please read these Terms carefully. By accessing or using our Services, you agree to be bound by these Terms and our Privacy Policy. Eligibility To access and use our Services, [&hellip;]","og_url":"https:\/\/lucky-crush.com\/pl\/terms\/","og_site_name":"Lucky Crush","article_modified_time":"2026-03-04T08:23:36+00:00","og_image":[{"width":1024,"height":683,"url":"https:\/\/lucky-crush.com\/wp-content\/uploads\/2023\/05\/64731f1e55365.jpg","type":"image\/jpeg"}],"twitter_card":"summary_large_image","twitter_misc":{"Szacowany czas czytania":"4 minuty"},"schema":{"@context":"https:\/\/schema.org","@graph":[{"@type":"WebPage","@id":"https:\/\/lucky-crush.com\/pt\/terms\/","url":"https:\/\/lucky-crush.com\/pt\/terms\/","name":"Terms - Lucky Crush","isPartOf":{"@id":"https:\/\/lucky-crush.com\/#website"},"datePublished":"2026-03-03T12:15:06+00:00","dateModified":"2026-03-04T08:23:36+00:00","breadcrumb":{"@id":"https:\/\/lucky-crush.com\/pt\/terms\/#breadcrumb"},"inLanguage":"pl-PL","potentialAction":[{"@type":"ReadAction","target":["https:\/\/lucky-crush.com\/pt\/terms\/"]}]},{"@type":"BreadcrumbList","@id":"https:\/\/lucky-crush.com\/pt\/terms\/#breadcrumb","itemListElement":[{"@type":"ListItem","position":1,"name":"Home","item":"https:\/\/lucky-crush.com\/"},{"@type":"ListItem","position":2,"name":"Terms"}]},{"@type":"WebSite","@id":"https:\/\/lucky-crush.com\/#website","url":"https:\/\/lucky-crush.com\/","name":"Lucky Crush","description":"","publisher":{"@id":"https:\/\/lucky-crush.com\/#organization"},"potentialAction":[{"@type":"SearchAction","target":{"@type":"EntryPoint","urlTemplate":"https:\/\/lucky-crush.com\/?s={search_term_string}"},"query-input":{"@type":"PropertyValueSpecification","valueRequired":true,"valueName":"search_term_string"}}],"inLanguage":"pl-PL"},{"@type":"Organization","@id":"https:\/\/lucky-crush.com\/#organization","name":"Lucky Crush","url":"https:\/\/lucky-crush.com\/","logo":{"@type":"ImageObject","inLanguage":"pl-PL","@id":"https:\/\/lucky-crush.com\/#\/schema\/logo\/image\/","url":"https:\/\/lucky-crush.com\/wp-content\/uploads\/2020\/04\/chats-favicon.jpg","contentUrl":"https:\/\/lucky-crush.com\/wp-content\/uploads\/2020\/04\/chats-favicon.jpg","width":420,"height":420,"caption":"Lucky Crush"},"image":{"@id":"https:\/\/lucky-crush.com\/#\/schema\/logo\/image\/"}}]}},"_links":{"self":[{"href":"https:\/\/lucky-crush.com\/pl\/wp-json\/wp\/v2\/pages\/48","targetHints":{"allow":["GET"]}}],"collection":[{"href":"https:\/\/lucky-crush.com\/pl\/wp-json\/wp\/v2\/pages"}],"about":[{"href":"https:\/\/lucky-crush.com\/pl\/wp-json\/wp\/v2\/types\/page"}],"author":[{"embeddable":true,"href":"https:\/\/lucky-crush.com\/pl\/wp-json\/wp\/v2\/users\/1"}],"replies":[{"embeddable":true,"href":"https:\/\/lucky-crush.com\/pl\/wp-json\/wp\/v2\/comments?post=48"}],"version-history":[{"count":10,"href":"https:\/\/lucky-crush.com\/pl\/wp-json\/wp\/v2\/pages\/48\/revisions"}],"predecessor-version":[{"id":2032,"href":"https:\/\/lucky-crush.com\/pl\/wp-json\/wp\/v2\/pages\/48\/revisions\/2032"}],"wp:attachment":[{"href":"https:\/\/lucky-crush.com\/pl\/wp-json\/wp\/v2\/media?parent=48"}],"curies":[{"name":"wp","href":"https:\/\/api.w.org\/{rel}","templated":true}]}}