{"id":48,"date":"2026-03-03T12:15:06","date_gmt":"2026-03-03T12:15:06","guid":{"rendered":"https:\/\/lucky-crush.com\/?page_id=48"},"modified":"2026-03-04T10:23:36","modified_gmt":"2026-03-04T08:23:36","slug":"terms","status":"publish","type":"page","link":"https:\/\/lucky-crush.com\/pt\/terms\/","title":{"rendered":"Condi\u00e7\u00f5es"},"content":{"rendered":"<div data-elementor-type=\"wp-page\" data-elementor-id=\"48\" class=\"elementor elementor-48\" data-elementor-post-type=\"page\">\n\t\t\t\t\t\t<section class=\"elementor-section elementor-top-section elementor-element elementor-element-aa602b1 elementor-section-boxed elementor-section-height-default elementor-section-height-default\" data-id=\"aa602b1\" data-element_type=\"section\" data-e-type=\"section\">\n\t\t\t\t\t\t<div class=\"elementor-container elementor-column-gap-default\">\n\t\t\t\t\t<div class=\"elementor-column elementor-col-100 elementor-top-column elementor-element elementor-element-deb4e48\" data-id=\"deb4e48\" data-element_type=\"column\" data-e-type=\"column\">\n\t\t\t<div class=\"elementor-widget-wrap elementor-element-populated\">\n\t\t\t\t\t\t<div class=\"elementor-element elementor-element-88330ff elementor-widget elementor-widget-heading\" data-id=\"88330ff\" data-element_type=\"widget\" data-e-type=\"widget\" data-widget_type=\"heading.default\">\n\t\t\t\t<div class=\"elementor-widget-container\">\n\t\t\t\t\t<h1 class=\"elementor-heading-title elementor-size-default\">Condi\u00e7\u00f5es<\/h1>\t\t\t\t<\/div>\n\t\t\t\t<\/div>\n\t\t\t\t\t<\/div>\n\t\t<\/div>\n\t\t\t\t\t<\/div>\n\t\t<\/section>\n\t\t\t\t<section class=\"elementor-section elementor-top-section elementor-element elementor-element-e61e2e0 elementor-section-boxed elementor-section-height-default elementor-section-height-default\" data-id=\"e61e2e0\" data-element_type=\"section\" data-e-type=\"section\">\n\t\t\t\t\t\t<div class=\"elementor-container elementor-column-gap-default\">\n\t\t\t\t\t<div class=\"elementor-column elementor-col-100 elementor-top-column elementor-element elementor-element-edbd578\" data-id=\"edbd578\" data-element_type=\"column\" data-e-type=\"column\">\n\t\t\t<div class=\"elementor-widget-wrap elementor-element-populated\">\n\t\t\t\t\t\t<div class=\"elementor-element elementor-element-59fb3ca elementor-widget elementor-widget-text-editor\" data-id=\"59fb3ca\" data-element_type=\"widget\" data-e-type=\"widget\" data-widget_type=\"text-editor.default\">\n\t\t\t\t<div class=\"elementor-widget-container\">\n\t\t\t\t\t\t\t\t\t<p>Bem-vindo ao Lucky Crush.net! Estes Termos de Servi\u00e7o (\"Termos\") regem o seu acesso e utiliza\u00e7\u00e3o do nosso website, servi\u00e7os e aplica\u00e7\u00f5es (coletivamente, os \"Servi\u00e7os\"). Por favor, leia estes Termos cuidadosamente. Ao aceder ou utilizar os nossos Servi\u00e7os, o utilizador concorda em ficar vinculado a estes Termos e \u00e0 nossa Pol\u00edtica de Privacidade.<\/p><h3>Elegibilidade<\/h3><p>Para aceder e utilizar os nossos Servi\u00e7os, o utilizador deve ter pelo menos 13 anos de idade. Ao utilizar o Lucky Crush.net, o utilizador declara e garante que cumpre o requisito de idade e que tem a capacidade legal para celebrar estes Termos. Se tiver menos de 13 anos de idade, n\u00e3o poder\u00e1 utilizar os nossos Servi\u00e7os.<\/p><h3>Conduta do utilizador<\/h3><p>O utilizador \u00e9 o \u00fanico respons\u00e1vel pela sua conduta durante a utiliza\u00e7\u00e3o dos nossos Servi\u00e7os. O utilizador concorda em cumprir as nossas Regras de Conduta, bem como quaisquer leis e regulamentos locais, estatais, nacionais e internacionais aplic\u00e1veis. Qualquer viola\u00e7\u00e3o destes Termos ou das nossas Regras de Conduta pode resultar na suspens\u00e3o ou cessa\u00e7\u00e3o do seu acesso aos nossos Servi\u00e7os.<\/p><h3>Conte\u00fado do utilizador<\/h3><p>Lucky Crush.net pode permitir que os utilizadores submetam, publiquem ou partilhem conte\u00fados, tais como texto, imagens ou v\u00eddeo (\"Conte\u00fado do Utilizador\"). O utilizador mant\u00e9m a propriedade do seu Conte\u00fado de Utilizador, mas concede-nos uma licen\u00e7a mundial, n\u00e3o exclusiva, livre de royalties, sublicenci\u00e1vel e transfer\u00edvel para usar, reproduzir, distribuir, criar trabalhos derivados, exibir e executar o seu Conte\u00fado de Utilizador em conex\u00e3o com os nossos Servi\u00e7os.<\/p><p>O utilizador declara e garante que possui os direitos, licen\u00e7as e autoriza\u00e7\u00f5es necess\u00e1rios para conceder esta licen\u00e7a e que o seu Conte\u00fado do utilizador n\u00e3o infringe quaisquer direitos de terceiros, incluindo direitos de propriedade intelectual, direitos de privacidade ou direitos de publicidade.<\/p><h3>Propriedade intelectual<\/h3><p>Todo o conte\u00fado e materiais nos nossos Servi\u00e7os, incluindo texto, gr\u00e1ficos, log\u00f3tipos, \u00edcones, imagens e software, s\u00e3o propriedade do Lucky Crush.net ou dos seus licenciadores e est\u00e3o protegidos por direitos de autor, marcas registadas e outras leis de propriedade intelectual. N\u00e3o pode reproduzir, distribuir, modificar, criar trabalhos derivados, exibir publicamente ou explorar comercialmente qualquer conte\u00fado ou material dos nossos Servi\u00e7os sem o nosso consentimento pr\u00e9vio por escrito.<\/p><h3>Exclus\u00e3o de garantias<\/h3><p>Os nossos Servi\u00e7os s\u00e3o fornecidos \"tal como est\u00e3o\" e \"conforme dispon\u00edveis\" sem garantias de qualquer tipo, expressas ou impl\u00edcitas, incluindo, mas n\u00e3o se limitando a, garantias impl\u00edcitas de comercializa\u00e7\u00e3o, adequa\u00e7\u00e3o a um determinado fim e n\u00e3o infra\u00e7\u00e3o. Lucky Crush.net n\u00e3o garante que os Servi\u00e7os sejam livres de erros, ininterruptos, seguros ou livres de v\u00edrus ou outros componentes prejudiciais.<\/p><h3>Limita\u00e7\u00e3o da responsabilidade<\/h3><p>Em nenhuma circunst\u00e2ncia o Lucky Crush.net ou os seus afiliados, directores, administradores, funcion\u00e1rios ou agentes ser\u00e3o respons\u00e1veis por quaisquer danos directos, indirectos, incidentais, especiais, consequenciais ou punitivos, incluindo, mas n\u00e3o se limitando a, perda de lucros, dados ou boa vontade, decorrentes de ou em liga\u00e7\u00e3o com o seu acesso ou utiliza\u00e7\u00e3o dos nossos Servi\u00e7os, mesmo que avisados da possibilidade de tais danos.<\/p><h3>Indemniza\u00e7\u00e3o<\/h3><p>O utilizador concorda em indemnizar, defender e isentar o Lucky Crush.net e os seus afiliados, directores, administradores, funcion\u00e1rios e agentes de e contra todas e quaisquer reivindica\u00e7\u00f5es, responsabilidades, danos, perdas ou despesas, incluindo honor\u00e1rios razo\u00e1veis de advogados, decorrentes de ou em conex\u00e3o com o seu acesso ou uso dos nossos Servi\u00e7os ou a sua viola\u00e7\u00e3o destes Termos.<\/p><h3>Rescis\u00e3o<\/h3><p>Reservamo-nos o direito, a nosso exclusivo crit\u00e9rio, de suspender ou terminar o seu acesso aos nossos Servi\u00e7os em qualquer altura, com ou sem aviso pr\u00e9vio, por qualquer motivo, incluindo, entre outros, a viola\u00e7\u00e3o destes Termos ou das nossas Regras de Conduta.<\/p><h3>Altera\u00e7\u00f5es a estes Termos<\/h3><p>Podemos atualizar ou modificar estes Termos em qualquer altura, \u00e0 nossa inteira discri\u00e7\u00e3o. Notific\u00e1-lo-emos de quaisquer altera\u00e7\u00f5es atrav\u00e9s da publica\u00e7\u00e3o de<\/p><p>os Termos actualizados na nossa plataforma, juntamente com a data da \u00faltima atualiza\u00e7\u00e3o. A sua utiliza\u00e7\u00e3o continuada dos nossos Servi\u00e7os ap\u00f3s quaisquer altera\u00e7\u00f5es a estes Termos constitui a sua aceita\u00e7\u00e3o dos Termos actualizados.<\/p><h3>Lei aplic\u00e1vel e jurisdi\u00e7\u00e3o<\/h3><p>Estes Termos e quaisquer lit\u00edgios decorrentes ou relacionados com estes Termos ou com a sua utiliza\u00e7\u00e3o dos nossos Servi\u00e7os ser\u00e3o regidos e interpretados de acordo com as leis da \u00c1frica do Sul. O utilizador concorda em submeter-se \u00e0 jurisdi\u00e7\u00e3o exclusiva dos tribunais da \u00c1frica do Sul para resolver quaisquer lit\u00edgios decorrentes ou relacionados com estes Termos ou com a sua utiliza\u00e7\u00e3o dos nossos Servi\u00e7os.<\/p><h3>Divisibilidade<\/h3><p>Se qualquer disposi\u00e7\u00e3o das presentes Condi\u00e7\u00f5es for considerada inv\u00e1lida ou n\u00e3o aplic\u00e1vel por um tribunal de jurisdi\u00e7\u00e3o competente, as restantes disposi\u00e7\u00f5es das presentes Condi\u00e7\u00f5es permanecer\u00e3o em pleno vigor e efeito.<\/p><h3>Ren\u00fancia<\/h3><p>Nenhuma ren\u00fancia a qualquer disposi\u00e7\u00e3o das presentes Condi\u00e7\u00f5es ser\u00e1 considerada uma ren\u00fancia adicional ou cont\u00ednua a essa disposi\u00e7\u00e3o ou a qualquer outra disposi\u00e7\u00e3o, e o facto de n\u00e3o fazermos valer qualquer direito ou disposi\u00e7\u00e3o ao abrigo das presentes Condi\u00e7\u00f5es n\u00e3o constituir\u00e1 uma ren\u00fancia a esse direito ou disposi\u00e7\u00e3o.<\/p><h3>Contactar-nos<\/h3><p>Se tiver alguma quest\u00e3o ou d\u00favida sobre estes Termos, contacte-nos atrav\u00e9s da nossa p\u00e1gina de contactos.<\/p>\t\t\t\t\t\t\t\t<\/div>\n\t\t\t\t<\/div>\n\t\t\t\t\t<\/div>\n\t\t<\/div>\n\t\t\t\t\t<\/div>\n\t\t<\/section>\n\t\t\t\t<\/div>","protected":false},"excerpt":{"rendered":"<p>Termos Bem-vindo ao Lucky Crush.net! Estes Termos de Servi\u00e7o (\"Termos\") regem o seu acesso e utiliza\u00e7\u00e3o do nosso website, servi\u00e7os e aplica\u00e7\u00f5es (coletivamente, os \"Servi\u00e7os\"). Por favor, leia estes Termos cuidadosamente. Ao aceder ou utilizar os nossos Servi\u00e7os, o utilizador concorda em ficar vinculado a estes Termos e \u00e0 nossa Pol\u00edtica de Privacidade. Elegibilidade Para aceder e utilizar os nossos Servi\u00e7os, [...]<\/p>","protected":false},"author":1,"featured_media":0,"parent":0,"menu_order":0,"comment_status":"closed","ping_status":"closed","template":"elementor_header_footer","meta":{"footnotes":""},"class_list":["post-48","page","type-page","status-publish","hentry"],"yoast_head":"<!-- This site is optimized with the Yoast SEO plugin v27.5 - https:\/\/yoast.com\/product\/yoast-seo-wordpress\/ -->\n<title>Terms - Lucky Crush<\/title>\n<meta name=\"robots\" content=\"index, follow, max-snippet:-1, max-image-preview:large, max-video-preview:-1\" \/>\n<link rel=\"canonical\" href=\"https:\/\/lucky-crush.com\/pt\/terms\/\" \/>\n<meta property=\"og:locale\" content=\"pt_PT\" \/>\n<meta property=\"og:type\" content=\"article\" \/>\n<meta property=\"og:title\" content=\"Terms - Lucky Crush\" \/>\n<meta property=\"og:description\" content=\"Terms Welcome to Lucky Crush.net! These Terms of Service (&#8220;Terms&#8221;) govern your access to and use of our website, services, and applications (collectively, the &#8220;Services&#8221;). Please read these Terms carefully. By accessing or using our Services, you agree to be bound by these Terms and our Privacy Policy. Eligibility To access and use our Services, [&hellip;]\" \/>\n<meta property=\"og:url\" content=\"https:\/\/lucky-crush.com\/pt\/terms\/\" \/>\n<meta property=\"og:site_name\" content=\"Lucky Crush\" \/>\n<meta property=\"article:modified_time\" content=\"2026-03-04T08:23:36+00:00\" \/>\n<meta property=\"og:image\" content=\"https:\/\/lucky-crush.com\/wp-content\/uploads\/2023\/05\/64731f1e55365.jpg\" \/>\n\t<meta property=\"og:image:width\" content=\"1024\" \/>\n\t<meta property=\"og:image:height\" content=\"683\" \/>\n\t<meta property=\"og:image:type\" content=\"image\/jpeg\" \/>\n<meta name=\"twitter:card\" content=\"summary_large_image\" \/>\n<meta name=\"twitter:label1\" content=\"Tempo estimado de leitura\" \/>\n\t<meta name=\"twitter:data1\" content=\"4 minutos\" \/>\n<script type=\"application\/ld+json\" class=\"yoast-schema-graph\">{\"@context\":\"https:\\\/\\\/schema.org\",\"@graph\":[{\"@type\":\"WebPage\",\"@id\":\"https:\\\/\\\/lucky-crush.com\\\/pt\\\/terms\\\/\",\"url\":\"https:\\\/\\\/lucky-crush.com\\\/pt\\\/terms\\\/\",\"name\":\"Terms - Lucky Crush\",\"isPartOf\":{\"@id\":\"https:\\\/\\\/lucky-crush.com\\\/#website\"},\"datePublished\":\"2026-03-03T12:15:06+00:00\",\"dateModified\":\"2026-03-04T08:23:36+00:00\",\"breadcrumb\":{\"@id\":\"https:\\\/\\\/lucky-crush.com\\\/pt\\\/terms\\\/#breadcrumb\"},\"inLanguage\":\"pt-PT\",\"potentialAction\":[{\"@type\":\"ReadAction\",\"target\":[\"https:\\\/\\\/lucky-crush.com\\\/pt\\\/terms\\\/\"]}]},{\"@type\":\"BreadcrumbList\",\"@id\":\"https:\\\/\\\/lucky-crush.com\\\/pt\\\/terms\\\/#breadcrumb\",\"itemListElement\":[{\"@type\":\"ListItem\",\"position\":1,\"name\":\"Home\",\"item\":\"https:\\\/\\\/lucky-crush.com\\\/\"},{\"@type\":\"ListItem\",\"position\":2,\"name\":\"Terms\"}]},{\"@type\":\"WebSite\",\"@id\":\"https:\\\/\\\/lucky-crush.com\\\/#website\",\"url\":\"https:\\\/\\\/lucky-crush.com\\\/\",\"name\":\"Lucky Crush\",\"description\":\"\",\"publisher\":{\"@id\":\"https:\\\/\\\/lucky-crush.com\\\/#organization\"},\"potentialAction\":[{\"@type\":\"SearchAction\",\"target\":{\"@type\":\"EntryPoint\",\"urlTemplate\":\"https:\\\/\\\/lucky-crush.com\\\/?s={search_term_string}\"},\"query-input\":{\"@type\":\"PropertyValueSpecification\",\"valueRequired\":true,\"valueName\":\"search_term_string\"}}],\"inLanguage\":\"pt-PT\"},{\"@type\":\"Organization\",\"@id\":\"https:\\\/\\\/lucky-crush.com\\\/#organization\",\"name\":\"Lucky Crush\",\"url\":\"https:\\\/\\\/lucky-crush.com\\\/\",\"logo\":{\"@type\":\"ImageObject\",\"inLanguage\":\"pt-PT\",\"@id\":\"https:\\\/\\\/lucky-crush.com\\\/#\\\/schema\\\/logo\\\/image\\\/\",\"url\":\"https:\\\/\\\/lucky-crush.com\\\/wp-content\\\/uploads\\\/2020\\\/04\\\/chats-favicon.jpg\",\"contentUrl\":\"https:\\\/\\\/lucky-crush.com\\\/wp-content\\\/uploads\\\/2020\\\/04\\\/chats-favicon.jpg\",\"width\":420,\"height\":420,\"caption\":\"Lucky Crush\"},\"image\":{\"@id\":\"https:\\\/\\\/lucky-crush.com\\\/#\\\/schema\\\/logo\\\/image\\\/\"}}]}<\/script>\n<!-- \/ Yoast SEO plugin. -->","yoast_head_json":{"title":"Terms - Lucky Crush","robots":{"index":"index","follow":"follow","max-snippet":"max-snippet:-1","max-image-preview":"max-image-preview:large","max-video-preview":"max-video-preview:-1"},"canonical":"https:\/\/lucky-crush.com\/pt\/terms\/","og_locale":"pt_PT","og_type":"article","og_title":"Terms - Lucky Crush","og_description":"Terms Welcome to Lucky Crush.net! These Terms of Service (&#8220;Terms&#8221;) govern your access to and use of our website, services, and applications (collectively, the &#8220;Services&#8221;). Please read these Terms carefully. By accessing or using our Services, you agree to be bound by these Terms and our Privacy Policy. Eligibility To access and use our Services, [&hellip;]","og_url":"https:\/\/lucky-crush.com\/pt\/terms\/","og_site_name":"Lucky Crush","article_modified_time":"2026-03-04T08:23:36+00:00","og_image":[{"width":1024,"height":683,"url":"https:\/\/lucky-crush.com\/wp-content\/uploads\/2023\/05\/64731f1e55365.jpg","type":"image\/jpeg"}],"twitter_card":"summary_large_image","twitter_misc":{"Tempo estimado de leitura":"4 minutos"},"schema":{"@context":"https:\/\/schema.org","@graph":[{"@type":"WebPage","@id":"https:\/\/lucky-crush.com\/pt\/terms\/","url":"https:\/\/lucky-crush.com\/pt\/terms\/","name":"Terms - Lucky Crush","isPartOf":{"@id":"https:\/\/lucky-crush.com\/#website"},"datePublished":"2026-03-03T12:15:06+00:00","dateModified":"2026-03-04T08:23:36+00:00","breadcrumb":{"@id":"https:\/\/lucky-crush.com\/pt\/terms\/#breadcrumb"},"inLanguage":"pt-PT","potentialAction":[{"@type":"ReadAction","target":["https:\/\/lucky-crush.com\/pt\/terms\/"]}]},{"@type":"BreadcrumbList","@id":"https:\/\/lucky-crush.com\/pt\/terms\/#breadcrumb","itemListElement":[{"@type":"ListItem","position":1,"name":"Home","item":"https:\/\/lucky-crush.com\/"},{"@type":"ListItem","position":2,"name":"Terms"}]},{"@type":"WebSite","@id":"https:\/\/lucky-crush.com\/#website","url":"https:\/\/lucky-crush.com\/","name":"Lucky Crush","description":"","publisher":{"@id":"https:\/\/lucky-crush.com\/#organization"},"potentialAction":[{"@type":"SearchAction","target":{"@type":"EntryPoint","urlTemplate":"https:\/\/lucky-crush.com\/?s={search_term_string}"},"query-input":{"@type":"PropertyValueSpecification","valueRequired":true,"valueName":"search_term_string"}}],"inLanguage":"pt-PT"},{"@type":"Organization","@id":"https:\/\/lucky-crush.com\/#organization","name":"Lucky Crush","url":"https:\/\/lucky-crush.com\/","logo":{"@type":"ImageObject","inLanguage":"pt-PT","@id":"https:\/\/lucky-crush.com\/#\/schema\/logo\/image\/","url":"https:\/\/lucky-crush.com\/wp-content\/uploads\/2020\/04\/chats-favicon.jpg","contentUrl":"https:\/\/lucky-crush.com\/wp-content\/uploads\/2020\/04\/chats-favicon.jpg","width":420,"height":420,"caption":"Lucky Crush"},"image":{"@id":"https:\/\/lucky-crush.com\/#\/schema\/logo\/image\/"}}]}},"_links":{"self":[{"href":"https:\/\/lucky-crush.com\/pt\/wp-json\/wp\/v2\/pages\/48","targetHints":{"allow":["GET"]}}],"collection":[{"href":"https:\/\/lucky-crush.com\/pt\/wp-json\/wp\/v2\/pages"}],"about":[{"href":"https:\/\/lucky-crush.com\/pt\/wp-json\/wp\/v2\/types\/page"}],"author":[{"embeddable":true,"href":"https:\/\/lucky-crush.com\/pt\/wp-json\/wp\/v2\/users\/1"}],"replies":[{"embeddable":true,"href":"https:\/\/lucky-crush.com\/pt\/wp-json\/wp\/v2\/comments?post=48"}],"version-history":[{"count":10,"href":"https:\/\/lucky-crush.com\/pt\/wp-json\/wp\/v2\/pages\/48\/revisions"}],"predecessor-version":[{"id":2032,"href":"https:\/\/lucky-crush.com\/pt\/wp-json\/wp\/v2\/pages\/48\/revisions\/2032"}],"wp:attachment":[{"href":"https:\/\/lucky-crush.com\/pt\/wp-json\/wp\/v2\/media?parent=48"}],"curies":[{"name":"wp","href":"https:\/\/api.w.org\/{rel}","templated":true}]}}